{"id":157,"date":"2026-03-17T17:51:53","date_gmt":"2026-03-17T17:51:53","guid":{"rendered":"https:\/\/nuevo.transensa.com\/?page_id=157"},"modified":"2026-03-17T21:14:01","modified_gmt":"2026-03-17T21:14:01","slug":"transportes-chang","status":"publish","type":"page","link":"https:\/\/www.transensa.com\/index.php\/transportes-chang\/","title":{"rendered":"Transportes Chang"},"content":{"rendered":"\t\t<div data-elementor-type=\"wp-page\" data-elementor-id=\"157\" class=\"elementor elementor-157\">\n\t\t\t\t<div class=\"elementor-element elementor-element-b1724b6 e-flex e-con-boxed e-con e-parent\" data-id=\"b1724b6\" data-element_type=\"container\" data-e-type=\"container\">\n\t\t\t\t\t<div class=\"e-con-inner\">\n\t\t\t\t<div class=\"elementor-element elementor-element-8d7dcc6 elementor-widget__width-initial elementor-widget elementor-widget-image\" data-id=\"8d7dcc6\" data-element_type=\"widget\" data-e-type=\"widget\" data-widget_type=\"image.default\">\n\t\t\t\t\t\t\t\t\t\t\t\t\t\t\t<img fetchpriority=\"high\" decoding=\"async\" width=\"800\" height=\"534\" src=\"https:\/\/www.transensa.com\/wp-content\/uploads\/2026\/03\/CHANG_logo_con_eslogan-2-1024x683.png\" class=\"attachment-large size-large wp-image-65\" alt=\"\" srcset=\"https:\/\/www.transensa.com\/wp-content\/uploads\/2026\/03\/CHANG_logo_con_eslogan-2-1024x683.png 1024w, https:\/\/www.transensa.com\/wp-content\/uploads\/2026\/03\/CHANG_logo_con_eslogan-2-300x200.png 300w, https:\/\/www.transensa.com\/wp-content\/uploads\/2026\/03\/CHANG_logo_con_eslogan-2-768x512.png 768w, https:\/\/www.transensa.com\/wp-content\/uploads\/2026\/03\/CHANG_logo_con_eslogan-2.png 1536w\" sizes=\"(max-width: 800px) 100vw, 800px\" \/>\t\t\t\t\t\t\t\t\t\t\t\t\t\t\t<\/div>\n\t\t\t\t\t<\/div>\n\t\t\t\t<\/div>\n\t\t<div class=\"elementor-element elementor-element-7e2825d e-flex e-con-boxed e-con e-parent\" data-id=\"7e2825d\" data-element_type=\"container\" data-e-type=\"container\">\n\t\t\t\t\t<div class=\"e-con-inner\">\n\t\t\t\t<div class=\"elementor-element elementor-element-6f3cfca elementor-widget elementor-widget-text-editor\" data-id=\"6f3cfca\" data-element_type=\"widget\" data-e-type=\"widget\" data-widget_type=\"text-editor.default\">\n\t\t\t\t\t\t\t\t\t<p data-start=\"227\" data-end=\"601\">En\u00a0<strong data-start=\"230\" data-end=\"250\">Transporte Chang<\/strong>, contamos con una\u00a0<strong data-start=\"269\" data-end=\"319\">ubicaci\u00f3n privilegiada en el estado de Hidalgo<\/strong>, una de las zonas log\u00edsticas m\u00e1s estrat\u00e9gicas de M\u00e9xico. Esta localizaci\u00f3n nos permite\u00a0<strong data-start=\"407\" data-end=\"515\">conectar de manera r\u00e1pida y eficiente con los principales corredores industriales y comerciales del pa\u00eds<\/strong>, optimizando rutas, reduciendo tiempos de tr\u00e1nsito y garantizando entregas puntuales.<\/p><p data-start=\"603\" data-end=\"821\">Desde nuestra base en Hidalgo, ofrecemos\u00a0<strong data-start=\"644\" data-end=\"738\">soluciones log\u00edsticas eficientes, competitivas en costos y con altos est\u00e1ndares de calidad<\/strong>, lo que nos posiciona como un aliado confiable para empresas de diversos sectores.<\/p>\t\t\t\t\t\t\t\t<\/div>\n\t\t\t\t\t<\/div>\n\t\t\t\t<\/div>\n\t\t<div class=\"elementor-element elementor-element-23b61b4 e-flex e-con-boxed e-con e-parent\" data-id=\"23b61b4\" data-element_type=\"container\" data-e-type=\"container\">\n\t\t\t\t\t<div class=\"e-con-inner\">\n\t\t\t\t<div class=\"elementor-element elementor-element-c94b371 elementor-widget-divider--view-line elementor-widget elementor-widget-divider\" data-id=\"c94b371\" data-element_type=\"widget\" data-e-type=\"widget\" data-widget_type=\"divider.default\">\n\t\t\t\t\t\t\t<div class=\"elementor-divider\">\n\t\t\t<span class=\"elementor-divider-separator\">\n\t\t\t\t\t\t<\/span>\n\t\t<\/div>\n\t\t\t\t\t\t<\/div>\n\t\t\t\t\t<\/div>\n\t\t\t\t<\/div>\n\t\t<div class=\"elementor-element elementor-element-3341c75 e-flex e-con-boxed e-con e-parent\" data-id=\"3341c75\" data-element_type=\"container\" data-e-type=\"container\">\n\t\t\t\t\t<div class=\"e-con-inner\">\n\t\t<div class=\"elementor-element elementor-element-3041464 e-con-full e-flex e-con e-child\" data-id=\"3041464\" data-element_type=\"container\" data-e-type=\"container\">\n\t\t\t\t<div class=\"elementor-element elementor-element-df729f8 elementor-widget elementor-widget-image\" data-id=\"df729f8\" data-element_type=\"widget\" data-e-type=\"widget\" data-widget_type=\"image.default\">\n\t\t\t\t\t\t\t\t\t\t\t\t\t\t\t<img decoding=\"async\" width=\"800\" height=\"443\" src=\"https:\/\/www.transensa.com\/wp-content\/uploads\/2026\/03\/White-Blue-Minimalist-Logistic-Presentation-3-1024x567-1.png\" class=\"attachment-large size-large wp-image-204\" alt=\"\" srcset=\"https:\/\/www.transensa.com\/wp-content\/uploads\/2026\/03\/White-Blue-Minimalist-Logistic-Presentation-3-1024x567-1.png 1024w, https:\/\/www.transensa.com\/wp-content\/uploads\/2026\/03\/White-Blue-Minimalist-Logistic-Presentation-3-1024x567-1-300x166.png 300w, https:\/\/www.transensa.com\/wp-content\/uploads\/2026\/03\/White-Blue-Minimalist-Logistic-Presentation-3-1024x567-1-768x425.png 768w\" sizes=\"(max-width: 800px) 100vw, 800px\" \/>\t\t\t\t\t\t\t\t\t\t\t\t\t\t\t<\/div>\n\t\t\t\t<\/div>\n\t\t<div class=\"elementor-element elementor-element-8d3208b e-con-full e-flex e-con e-child\" data-id=\"8d3208b\" data-element_type=\"container\" data-e-type=\"container\">\n\t\t\t\t<div class=\"elementor-element elementor-element-484dbb5 elementor-widget elementor-widget-text-editor\" data-id=\"484dbb5\" data-element_type=\"widget\" data-e-type=\"widget\" data-widget_type=\"text-editor.default\">\n\t\t\t\t\t\t\t\t\t<p data-start=\"823\" data-end=\"909\">Gracias a esta ubicaci\u00f3n clave, brindamos cobertura directa y \u00e1gil hacia estados como:<\/p><ul data-start=\"911\" data-end=\"1373\"><li data-start=\"911\" data-end=\"1032\"><p data-start=\"913\" data-end=\"1032\"><strong data-start=\"913\" data-end=\"952\">Ciudad de M\u00e9xico y Estado de M\u00e9xico<\/strong>: acceso inmediato a una de las zonas metropolitanas m\u00e1s importantes del pa\u00eds.<\/p><\/li><li data-start=\"1033\" data-end=\"1103\"><p data-start=\"1035\" data-end=\"1103\"><strong data-start=\"1035\" data-end=\"1048\">Quer\u00e9taro<\/strong>: uno de los polos industriales de mayor crecimiento.<\/p><\/li><li data-start=\"1104\" data-end=\"1189\"><p data-start=\"1106\" data-end=\"1189\"><strong data-start=\"1106\" data-end=\"1116\">Puebla<\/strong>: estrat\u00e9gico por su industria automotriz, manufacturera y alimentaria.<\/p><\/li><li data-start=\"1190\" data-end=\"1274\"><p data-start=\"1192\" data-end=\"1274\"><strong data-start=\"1192\" data-end=\"1204\">Veracruz<\/strong>: conexi\u00f3n directa con el puerto m\u00e1s importante del Golfo de M\u00e9xico.<\/p><\/li><li data-start=\"1275\" data-end=\"1373\"><p data-start=\"1277\" data-end=\"1373\"><strong data-start=\"1277\" data-end=\"1309\">San Luis Potos\u00ed y Guanajuato<\/strong>: nodos clave del Baj\u00edo, una regi\u00f3n altamente industrializada.<\/p><\/li><\/ul>\t\t\t\t\t\t\t\t<\/div>\n\t\t\t\t<\/div>\n\t\t\t\t\t<\/div>\n\t\t\t\t<\/div>\n\t\t<div class=\"elementor-element elementor-element-fc2bdc3 e-flex e-con-boxed e-con e-parent\" data-id=\"fc2bdc3\" data-element_type=\"container\" data-e-type=\"container\">\n\t\t\t\t\t<div class=\"e-con-inner\">\n\t\t\t\t<div class=\"elementor-element elementor-element-6adc283 elementor-widget-divider--view-line elementor-widget elementor-widget-divider\" data-id=\"6adc283\" data-element_type=\"widget\" data-e-type=\"widget\" data-widget_type=\"divider.default\">\n\t\t\t\t\t\t\t<div class=\"elementor-divider\">\n\t\t\t<span class=\"elementor-divider-separator\">\n\t\t\t\t\t\t<\/span>\n\t\t<\/div>\n\t\t\t\t\t\t<\/div>\n\t\t\t\t\t<\/div>\n\t\t\t\t<\/div>\n\t\t<div class=\"elementor-element elementor-element-581dcad e-flex e-con-boxed e-con e-parent\" data-id=\"581dcad\" data-element_type=\"container\" data-e-type=\"container\">\n\t\t\t\t\t<div class=\"e-con-inner\">\n\t\t\t\t<div class=\"elementor-element elementor-element-d096e32 elementor-widget elementor-widget-text-editor\" data-id=\"d096e32\" data-element_type=\"widget\" data-e-type=\"widget\" data-widget_type=\"text-editor.default\">\n\t\t\t\t\t\t\t\t\t<p>Nuestro compromiso es claro:\u00a0entregar tus productos con rapidez, seguridad y eficiencia, sin comprometer la excelencia en el servicio. En Transporte Chang, cada kil\u00f3metro recorrido est\u00e1 respaldado por nuestra experiencia, infraestructura y enfoque en la satisfacci\u00f3n del cliente.<\/p>\t\t\t\t\t\t\t\t<\/div>\n\t\t\t\t\t<\/div>\n\t\t\t\t<\/div>\n\t\t<div class=\"elementor-element elementor-element-1549eca e-flex e-con-boxed e-con e-parent\" data-id=\"1549eca\" data-element_type=\"container\" data-e-type=\"container\">\n\t\t\t\t\t<div class=\"e-con-inner\">\n\t\t\t\t<div class=\"elementor-element elementor-element-536885b elementor-widget-divider--view-line elementor-widget elementor-widget-divider\" data-id=\"536885b\" data-element_type=\"widget\" data-e-type=\"widget\" data-widget_type=\"divider.default\">\n\t\t\t\t\t\t\t<div class=\"elementor-divider\">\n\t\t\t<span class=\"elementor-divider-separator\">\n\t\t\t\t\t\t<\/span>\n\t\t<\/div>\n\t\t\t\t\t\t<\/div>\n\t\t\t\t\t<\/div>\n\t\t\t\t<\/div>\n\t\t<div class=\"elementor-element elementor-element-b525baf e-flex e-con-boxed e-con e-parent\" data-id=\"b525baf\" data-element_type=\"container\" data-e-type=\"container\">\n\t\t\t\t\t<div class=\"e-con-inner\">\n\t\t<div class=\"elementor-element elementor-element-bab31bc e-con-full e-flex e-con e-child\" data-id=\"bab31bc\" data-element_type=\"container\" data-e-type=\"container\">\n\t\t\t\t<div class=\"elementor-element elementor-element-f601014 elementor-widget elementor-widget-text-editor\" data-id=\"f601014\" data-element_type=\"widget\" data-e-type=\"widget\" data-widget_type=\"text-editor.default\">\n\t\t\t\t\t\t\t\t\t<p>CONTACTA CON UNO DE NUESTROS EXPERTOS EN LOGISTICA PARA ASESORIA PERSONALIZADA.\u00a0<br \/><br \/>COTIZA TU PROXIMO TRANSPORTE.<\/p>\t\t\t\t\t\t\t\t<\/div>\n\t\t\t\t<\/div>\n\t\t<div class=\"elementor-element elementor-element-321459b e-con-full e-flex e-con e-child\" data-id=\"321459b\" data-element_type=\"container\" data-e-type=\"container\">\n\t\t\t\t<div class=\"elementor-element elementor-element-b3b2d18 elementor-widget elementor-widget-button\" data-id=\"b3b2d18\" data-element_type=\"widget\" data-e-type=\"widget\" data-widget_type=\"button.default\">\n\t\t\t\t\t\t\t\t\t\t<a class=\"elementor-button elementor-button-link elementor-size-sm\" href=\"https:\/\/wa.me\/50255445793?text=Hola,%20quiero%20m\u00e1s%20informaci\u00f3n%20sobre%20sus%20servicios.\">\n\t\t\t\t\t\t<span class=\"elementor-button-content-wrapper\">\n\t\t\t\t\t\t<span class=\"elementor-button-icon\">\n\t\t\t\t<svg aria-hidden=\"true\" class=\"e-font-icon-svg e-fab-whatsapp\" viewBox=\"0 0 448 512\" xmlns=\"http:\/\/www.w3.org\/2000\/svg\"><path d=\"M380.9 97.1C339 55.1 283.2 32 223.9 32c-122.4 0-222 99.6-222 222 0 39.1 10.2 77.3 29.6 111L0 480l117.7-30.9c32.4 17.7 68.9 27 106.1 27h.1c122.3 0 224.1-99.6 224.1-222 0-59.3-25.2-115-67.1-157zm-157 341.6c-33.2 0-65.7-8.9-94-25.7l-6.7-4-69.8 18.3L72 359.2l-4.4-7c-18.5-29.4-28.2-63.3-28.2-98.2 0-101.7 82.8-184.5 184.6-184.5 49.3 0 95.6 19.2 130.4 54.1 34.8 34.9 56.2 81.2 56.1 130.5 0 101.8-84.9 184.6-186.6 184.6zm101.2-138.2c-5.5-2.8-32.8-16.2-37.9-18-5.1-1.9-8.8-2.8-12.5 2.8-3.7 5.6-14.3 18-17.6 21.8-3.2 3.7-6.5 4.2-12 1.4-32.6-16.3-54-29.1-75.5-66-5.7-9.8 5.7-9.1 16.3-30.3 1.8-3.7.9-6.9-.5-9.7-1.4-2.8-12.5-30.1-17.1-41.2-4.5-10.8-9.1-9.3-12.5-9.5-3.2-.2-6.9-.2-10.6-.2-3.7 0-9.7 1.4-14.8 6.9-5.1 5.6-19.4 19-19.4 46.3 0 27.3 19.9 53.7 22.6 57.4 2.8 3.7 39.1 59.7 94.8 83.8 35.2 15.2 49 16.5 66.6 13.9 10.7-1.6 32.8-13.4 37.4-26.4 4.6-13 4.6-24.1 3.2-26.4-1.3-2.5-5-3.9-10.5-6.6z\"><\/path><\/svg>\t\t\t<\/span>\n\t\t\t\t\t\t\t\t\t<span class=\"elementor-button-text\">COTIZA CON NOSOTROS<\/span>\n\t\t\t\t\t<\/span>\n\t\t\t\t\t<\/a>\n\t\t\t\t\t\t\t\t<\/div>\n\t\t\t\t<\/div>\n\t\t\t\t\t<\/div>\n\t\t\t\t<\/div>\n\t\t\t\t<\/div>\n\t\t","protected":false},"excerpt":{"rendered":"<p>En\u00a0Transporte Chang, contamos con una\u00a0ubicaci\u00f3n privilegiada en el estado de Hidalgo, una de las zonas log\u00edsticas m\u00e1s estrat\u00e9gicas de M\u00e9xico. Esta localizaci\u00f3n nos permite\u00a0conectar de manera r\u00e1pida y eficiente con los principales corredores industriales y comerciales del pa\u00eds, optimizando rutas, reduciendo tiempos de tr\u00e1nsito y garantizando entregas puntuales. Desde nuestra base en Hidalgo, ofrecemos\u00a0soluciones log\u00edsticas [&hellip;]<\/p>\n","protected":false},"author":1,"featured_media":0,"parent":0,"menu_order":0,"comment_status":"closed","ping_status":"closed","template":"","meta":{"footnotes":""},"class_list":["post-157","page","type-page","status-publish","hentry"],"_links":{"self":[{"href":"https:\/\/www.transensa.com\/index.php\/wp-json\/wp\/v2\/pages\/157","targetHints":{"allow":["GET"]}}],"collection":[{"href":"https:\/\/www.transensa.com\/index.php\/wp-json\/wp\/v2\/pages"}],"about":[{"href":"https:\/\/www.transensa.com\/index.php\/wp-json\/wp\/v2\/types\/page"}],"author":[{"embeddable":true,"href":"https:\/\/www.transensa.com\/index.php\/wp-json\/wp\/v2\/users\/1"}],"replies":[{"embeddable":true,"href":"https:\/\/www.transensa.com\/index.php\/wp-json\/wp\/v2\/comments?post=157"}],"version-history":[{"count":7,"href":"https:\/\/www.transensa.com\/index.php\/wp-json\/wp\/v2\/pages\/157\/revisions"}],"predecessor-version":[{"id":215,"href":"https:\/\/www.transensa.com\/index.php\/wp-json\/wp\/v2\/pages\/157\/revisions\/215"}],"wp:attachment":[{"href":"https:\/\/www.transensa.com\/index.php\/wp-json\/wp\/v2\/media?parent=157"}],"curies":[{"name":"wp","href":"https:\/\/api.w.org\/{rel}","templated":true}]}}